{"id":9501,"date":"2026-01-27T22:46:33","date_gmt":"2026-01-27T22:46:33","guid":{"rendered":"https:\/\/southernsmoke.org\/?page_id=9501"},"modified":"2026-03-17T22:03:11","modified_gmt":"2026-03-17T22:03:11","slug":"behind-you-classic-2026","status":"publish","type":"page","link":"https:\/\/www.southernsmoke.org\/vi\/behind-you-classic-2026\/","title":{"rendered":"Behind You Classic 2026"},"content":{"rendered":"<p>Gi\u1ea3i \u0111\u1ea5u Behind You Classic s\u1ebd tr\u1edf l\u1ea1i t\u1ea1i C\u00e2u l\u1ea1c b\u1ed9 Golf MacGregor Downs \u1edf Cary, B\u1eafc Carolina v\u00e0o ng\u00e0y 4 th\u00e1ng 5 n\u0103m 2026, v\u00e0 ch\u00fang t\u00f4i s\u1ebd mang \u0111\u1ebfn nh\u1eefng c\u00fa \u0111\u00e1nh m\u1ea1nh m\u1ebd h\u01a1n, nhi\u1ec1u b\u1ea1n b\u00e8 h\u01a1n v\u00e0 th\u1eadm ch\u00ed l\u00e0 nhi\u1ec1u t\u00e1c \u0111\u1ed9ng h\u01a1n. \u0110\u01b0\u1ee3c t\u1ed5 ch\u1ee9c b\u1edfi Sam Ratto c\u1ee7a Nh\u00e0 m\u00e1y S\u00f4 c\u00f4 la Videri, Matt Fern c\u1ee7a c\u1eeda h\u00e0ng th\u1ef1c ph\u1ea9m (ish) v\u00e0 Adam Cunningham c\u1ee7a Longleaf Swine, ng\u00e0y h\u1ed9i golf \u0111\u1ea7y \u00fd ngh\u0129a n\u00e0y s\u1ebd h\u1ed7 tr\u1ee3 ch\u01b0\u01a1ng tr\u00ecnh s\u1ee9c kh\u1ecfe t\u00e2m th\u1ea7n Behind You c\u1ee7a T\u1ed5 ch\u1ee9c Southern Smoke Foundation v\u00e0 vi\u1ec7c m\u1edf r\u1ed9ng ch\u01b0\u01a1ng tr\u00ecnh sang B\u1eafc Carolina.<\/p>\n<p>Gi\u1ea3i \u0111\u1ea5u Behind You Classic 2026 \u0111ang chu\u1ea9n b\u1ecb ch\u00e0o \u0111\u00f3n 120 ng\u01b0\u1eddi ch\u01a1i, 30 \u0111\u1ed9i v\u00e0 m\u1ed9t m\u1ee5c ti\u00eau chung: th\u1ec3 hi\u1ec7n s\u1ef1 \u1ee7ng h\u1ed9 d\u00e0nh cho nh\u1eefng ng\u01b0\u1eddi \u0111\u00e3 cung c\u1ea5p th\u1ee9c \u0103n, n\u0103ng l\u01b0\u1ee3ng v\u00e0 ngu\u1ed3n c\u1ea3m h\u1ee9ng cho ch\u00fang ta. H\u00e3y c\u1ea7m g\u1eady l\u00ean. Ch\u00fang t\u00f4i s\u1ebd lu\u00f4n s\u00e1t c\u00e1nh c\u00f9ng b\u1ea1n.<\/p>\n<a href=\"https:\/\/cbo.io\/app\/public\/bidapp\/behindyouclassic2026\/tickets\/tix\" class=\"button\" target=\"_blank\">Tee It Up<\/a>","protected":false},"excerpt":{"rendered":"<p>The Behind You Classic is back at MacGregor Downs Country Club in Cary, North Carolina on May 4, 2026, and we\u2019re bringing bigger swings, more friends, and even more impact. [&hellip;]<\/p>","protected":false},"author":11,"featured_media":0,"parent":0,"menu_order":0,"comment_status":"closed","ping_status":"closed","template":"templates\/page-annual-event.php","meta":{"_acf_changed":false,"inline_featured_image":false,"footnotes":""},"class_list":["post-9501","page","type-page","status-publish","hentry"],"acf":[],"_links":{"self":[{"href":"https:\/\/www.southernsmoke.org\/vi\/wp-json\/wp\/v2\/pages\/9501","targetHints":{"allow":["GET"]}}],"collection":[{"href":"https:\/\/www.southernsmoke.org\/vi\/wp-json\/wp\/v2\/pages"}],"about":[{"href":"https:\/\/www.southernsmoke.org\/vi\/wp-json\/wp\/v2\/types\/page"}],"author":[{"embeddable":true,"href":"https:\/\/www.southernsmoke.org\/vi\/wp-json\/wp\/v2\/users\/11"}],"replies":[{"embeddable":true,"href":"https:\/\/www.southernsmoke.org\/vi\/wp-json\/wp\/v2\/comments?post=9501"}],"version-history":[{"count":29,"href":"https:\/\/www.southernsmoke.org\/vi\/wp-json\/wp\/v2\/pages\/9501\/revisions"}],"predecessor-version":[{"id":9712,"href":"https:\/\/www.southernsmoke.org\/vi\/wp-json\/wp\/v2\/pages\/9501\/revisions\/9712"}],"wp:attachment":[{"href":"https:\/\/www.southernsmoke.org\/vi\/wp-json\/wp\/v2\/media?parent=9501"}],"curies":[{"name":"wp","href":"https:\/\/api.w.org\/{rel}","templated":true}]}}