{"id":9501,"date":"2026-01-27T22:46:33","date_gmt":"2026-01-27T22:46:33","guid":{"rendered":"https:\/\/southernsmoke.org\/?page_id=9501"},"modified":"2026-04-10T22:36:06","modified_gmt":"2026-04-10T22:36:06","slug":"behind-you-classic-2026","status":"publish","type":"page","link":"https:\/\/www.southernsmoke.org\/es\/behind-you-classic-2026\/","title":{"rendered":"Detr\u00e1s de ti Cl\u00e1sico 2026"},"content":{"rendered":"<p>El Behind You Classic regresa al MacGregor Downs Country Club en Cary, Carolina del Norte, el 4 de mayo de 2026, y trae m\u00e1s swings, m\u00e1s amigos y un impacto a\u00fan mayor. Organizado por Sam Ratto de Videri Chocolate Factory, Matt Fern de (ish) delicatessen y Adam Cunningham de Longleaf Swine, este d\u00eda de bienestar en el green apoya el programa de salud mental Behind You de la Southern Smoke Foundation y su expansi\u00f3n a Carolina del Norte.<\/p>\n<p>El Behind You Classic 2026 se prepara para 120 jugadores, 30 equipos y un objetivo com\u00fan: apoyar a quienes nos alimentan, nos impulsan y nos inspiran. \u00a1Prep\u00e1rense para el torneo! Los respaldamos.<\/p>\n<a href=\"https:\/\/cbo.io\/app\/public\/bidapp\/behindyouclassic2026\/tickets\/tix\" class=\"button\" target=\"_blank\">Jugar al golf<\/a>","protected":false},"excerpt":{"rendered":"<p>The Behind You Classic is back at MacGregor Downs Country Club in Cary, North Carolina on May 4, 2026, and we\u2019re bringing bigger swings, more friends, and even more impact. [&hellip;]<\/p>\n","protected":false},"author":11,"featured_media":0,"parent":0,"menu_order":0,"comment_status":"closed","ping_status":"closed","template":"templates\/page-annual-event.php","meta":{"_acf_changed":false,"inline_featured_image":false,"footnotes":""},"class_list":["post-9501","page","type-page","status-publish","hentry"],"acf":[],"_links":{"self":[{"href":"https:\/\/www.southernsmoke.org\/es\/wp-json\/wp\/v2\/pages\/9501","targetHints":{"allow":["GET"]}}],"collection":[{"href":"https:\/\/www.southernsmoke.org\/es\/wp-json\/wp\/v2\/pages"}],"about":[{"href":"https:\/\/www.southernsmoke.org\/es\/wp-json\/wp\/v2\/types\/page"}],"author":[{"embeddable":true,"href":"https:\/\/www.southernsmoke.org\/es\/wp-json\/wp\/v2\/users\/11"}],"replies":[{"embeddable":true,"href":"https:\/\/www.southernsmoke.org\/es\/wp-json\/wp\/v2\/comments?post=9501"}],"version-history":[{"count":31,"href":"https:\/\/www.southernsmoke.org\/es\/wp-json\/wp\/v2\/pages\/9501\/revisions"}],"predecessor-version":[{"id":9745,"href":"https:\/\/www.southernsmoke.org\/es\/wp-json\/wp\/v2\/pages\/9501\/revisions\/9745"}],"wp:attachment":[{"href":"https:\/\/www.southernsmoke.org\/es\/wp-json\/wp\/v2\/media?parent=9501"}],"curies":[{"name":"wp","href":"https:\/\/api.w.org\/{rel}","templated":true}]}}